{"id":4220,"date":"2024-05-22T11:37:10","date_gmt":"2024-05-22T11:37:10","guid":{"rendered":"https:\/\/zha.pt\/?page_id=4220"},"modified":"2025-01-29T14:23:30","modified_gmt":"2025-01-29T14:23:30","slug":"as-nossas-palavras","status":"publish","type":"page","link":"https:\/\/zha.pt\/index.php\/criacoes\/videoclipes\/as-nossas-palavras\/","title":{"rendered":"AS NOSSAS PALAVRAS"},"content":{"rendered":"<section class=\"wpb-content-wrapper\"><p>[vc_row][vc_column][vc_empty_space height=&#8221;50px&#8221;][\/vc_column][\/vc_row][vc_row][vc_column width=&#8221;1\/4&#8243;][\/vc_column][vc_column width=&#8221;1\/2&#8243;][vc_raw_html]JTNDZGl2JTIwc3R5bGUlM0QlMjJwYWRkaW5nJTNBNTYuMjUlMjUlMjAwJTIwMCUyMDAlM0Jwb3NpdGlvbiUzQXJlbGF0aXZlJTNCJTIyJTNFJTNDaWZyYW1lJTIwc3JjJTNEJTIyaHR0cHMlM0ElMkYlMkZwbGF5ZXIudmltZW8uY29tJTJGdmlkZW8lMkY5NDg5Mzg5MjQlM0ZoJTNEYzllMmQxOGZjOSUyMiUyMGZyYW1lYm9yZGVyJTNEJTIyMCUyMiUyMGFsbG93JTNEJTIyYXV0b3BsYXklM0IlMjBmdWxsc2NyZWVuJTNCJTIwcGljdHVyZS1pbi1waWN0dXJlJTNCJTIwY2xpcGJvYXJkLXdyaXRlJTIyJTIwc3R5bGUlM0QlMjJwb3NpdGlvbiUzQWFic29sdXRlJTNCdG9wJTNBMCUzQmxlZnQlM0EwJTNCd2lkdGglM0ExMDAlMjUlM0JoZWlnaHQlM0ExMDAlMjUlM0IlMjIlMjB0aXRsZSUzRCUyMlpIQSUyMSUyMExBUkFZJTIyJTNFJTNDJTJGaWZyYW1lJTNFJTNDJTJGZGl2JTNFJTNDc2NyaXB0JTIwc3JjJTNEJTIyaHR0cHMlM0ElMkYlMkZwbGF5ZXIudmltZW8uY29tJTJGYXBpJTJGcGxheWVyLmpzJTIyJTNFJTNDJTJGc2NyaXB0JTNF[\/vc_raw_html][\/vc_column][vc_column width=&#8221;1\/4&#8243;][\/vc_column][\/vc_row][vc_row][vc_column la_animation_name=&#8221;fadeInUp&#8221; la_animation_duration=&#8221;1&#8243; la_animation_delay=&#8221;.2&#8243; la_animation_iteration_count=&#8221;1&#8243;]<div id=\"la_divider69fb341f2abf1\" class=\"js-el la-divider la-unit-responsive\" data-la_component=\"UnitResponsive\"  data-el_target='#la_divider69fb341f2abf1'  data-el_media_sizes='{&quot;padding-top&quot;:&quot;lg:50px;&quot;}' ><\/div>\n<div id=\"la_heading_69fb341f2ad58\" class=\"la-headings text-center m6-heading\"><div class=\"js-el subheading-tag la-unit-responsive\" style=\"\" ><p style=\"font-weight: 400;\">\u201cAs nossas palavras, os nossos sonhos\u2026\u201d ligam-se inevitavelmente aos \u201cnossos lugares\u201d. As hist\u00f3rias acontecem em espa\u00e7os que existem (na realidade ou na nossa imagina\u00e7\u00e3o). \u00c9 l\u00e1 que os sonhos acontecem e as palavras refor\u00e7am os sentidos. E vice-versa. Os lugares que aparecem nesta narrativa s\u00e3o (precisamente) os lugares f\u00edsicos, concretos e sens\u00edveis, pintados com todas as suas formas e cores, que os artistas participantes escolheram para ser &#8220;palco&#8221; e &#8220;cen\u00e1rio&#8221; das mensagens que querem passar com este tema. Palavra, m\u00fasica e imagem juntas numa hist\u00f3ria coletiva que faz sentido para todos e todas. E para cada um uma tamb\u00e9m.<\/p>\n<p>&nbsp;<\/p>\n<p style=\"font-weight: 400;\"><strong>m<\/strong><strong>\u00fasica<\/strong><strong> AS NOSSAS PALAVRAS <\/strong><\/p>\n<p style=\"font-weight: 400;\">vozes: Eltynha, Ivana e Sulamita \/ org\u00e3o: V\u00edtor Hugo \/ guitarra: Tiago \/ bateria: V\u00edtor Huguinho \/ apoio \u00e0 composi\u00e7\u00e3o: Gil \/ letra: Margarida e V\u00edtor Hugo em cocria\u00e7\u00e3o com artistas de Contumil,\u00a0Lagarteiro e Cerco<\/p>\n<p style=\"font-weight: 400;\"><strong>\u00a0<\/strong><\/p>\n<p style=\"font-weight: 400;\"><strong>participantes no videoclipe<\/strong><\/p>\n<p style=\"font-weight: 400;\">Adinho, Afonsinha, Almerinda, Cla\u00fadio, Davi, Eltynha, Ivana, Ivana Gonzalez, Jorginho, Kadora, Lara, Leticia, Leticia Maia, Levi, Lisandra, Ma\u00edsa, Mara, Maria, Marinha, Micaela, Miguel, Raissa, Ricardinho, Ruizinho, Samira, Shirley, Stefan, Vitor Hugo, Vitor Huguinho e Z\u00e9 Carlinhos.<\/p>\n<p>&nbsp;<\/p>\n<p style=\"font-weight: 400;\"><strong>locais de filmagens<\/strong><\/p>\n<p style=\"font-weight: 400;\">Linha 1 do el\u00e9trico \/ Marginal do rio Douro, entre a Ribeira e o Jardim do Passeio Alegre, Jardim do Passeio Alegre<\/p>\n<p style=\"font-weight: 400;\">Bairro de Contumil, Jardim de Bel\u00e9m<\/p>\n<p style=\"font-weight: 400;\">Bairro do Lagarteiro, Parque Oriental<\/p>\n<p style=\"font-weight: 400;\">Bairro do Cerco \u2013 bloco 2<\/p>\n<\/div><\/div>\n<div id=\"la_divider69fb341f2ae70\" class=\"js-el la-divider la-unit-responsive\" data-la_component=\"UnitResponsive\"  data-el_target='#la_divider69fb341f2ae70'  data-el_media_sizes='{&quot;padding-top&quot;:&quot;lg:50px;&quot;}' ><\/div>\n[\/vc_column][\/vc_row][vc_row][vc_column][\/vc_column][\/vc_row]<\/p>\n<\/section>","protected":false},"excerpt":{"rendered":"<p>[vc_row][vc_column][vc_empty_space height=&#8221;50px&#8221;][\/vc_column][\/vc_row][vc_row][vc_column width=&#8221;1\/4&#8243;][\/vc_column][vc_column width=&#8221;1\/2&#8243;][vc_raw_html]JTNDZGl2JTIwc3R5bGUlM0QlMjJwYWRkaW5nJTNBNTYuMjUlMjUlMjAwJTIwMCUyMDAlM0Jwb3NpdGlvbiUzQXJlbGF0aXZlJTNCJTIyJTNFJTNDaWZyYW1lJTIwc3JjJTNEJTIyaHR0cHMlM0ElMkYlMkZwbGF5ZXIudmltZW8uY29tJTJGdmlkZW8lMkY5NDg5Mzg5MjQlM0ZoJTNEYzllMmQxOGZjOSUyMiUyMGZyYW1lYm9yZGVyJTNEJTIyMCUyMiUyMGFsbG93JTNEJTIyYXV0b3BsYXklM0IlMjBmdWxsc2NyZWVuJTNCJTIwcGljdHVyZS1pbi1waWN0dXJlJTNCJTIwY2xpcGJvYXJkLXdyaXRlJTIyJTIwc3R5bGUlM0QlMjJwb3NpdGlvbiUzQWFic29sdXRlJTNCdG9wJTNBMCUzQmxlZnQlM0EwJTNCd2lkdGglM0ExMDAlMjUlM0JoZWlnaHQlM0ExMDAlMjUlM0IlMjIlMjB0aXRsZSUzRCUyMlpIQSUyMSUyMExBUkFZJTIyJTNFJTNDJTJGaWZyYW1lJTNFJTNDJTJGZGl2JTNFJTNDc2NyaXB0JTIwc3JjJTNEJTIyaHR0cHMlM0ElMkYlMkZwbGF5ZXIudmltZW8uY29tJTJGYXBpJTJGcGxheWVyLmpzJTIyJTNFJTNDJTJGc2NyaXB0JTNF[\/vc_raw_html][\/vc_column][vc_column width=&#8221;1\/4&#8243;][\/vc_column][\/vc_row][vc_row][vc_column la_animation_name=&#8221;fadeInUp&#8221; la_animation_duration=&#8221;1&#8243; la_animation_delay=&#8221;.2&#8243; la_animation_iteration_count=&#8221;1&#8243;][\/vc_column][\/vc_row][vc_row][vc_column][\/vc_column][\/vc_row]<\/p>\n","protected":false},"author":1,"featured_media":0,"parent":3791,"menu_order":3,"comment_status":"closed","ping_status":"closed","template":"","meta":{"footnotes":""},"class_list":["post-4220","page","type-page","status-publish","hentry"],"_links":{"self":[{"href":"https:\/\/zha.pt\/index.php\/wp-json\/wp\/v2\/pages\/4220","targetHints":{"allow":["GET"]}}],"collection":[{"href":"https:\/\/zha.pt\/index.php\/wp-json\/wp\/v2\/pages"}],"about":[{"href":"https:\/\/zha.pt\/index.php\/wp-json\/wp\/v2\/types\/page"}],"author":[{"embeddable":true,"href":"https:\/\/zha.pt\/index.php\/wp-json\/wp\/v2\/users\/1"}],"replies":[{"embeddable":true,"href":"https:\/\/zha.pt\/index.php\/wp-json\/wp\/v2\/comments?post=4220"}],"version-history":[{"count":5,"href":"https:\/\/zha.pt\/index.php\/wp-json\/wp\/v2\/pages\/4220\/revisions"}],"predecessor-version":[{"id":4395,"href":"https:\/\/zha.pt\/index.php\/wp-json\/wp\/v2\/pages\/4220\/revisions\/4395"}],"up":[{"embeddable":true,"href":"https:\/\/zha.pt\/index.php\/wp-json\/wp\/v2\/pages\/3791"}],"wp:attachment":[{"href":"https:\/\/zha.pt\/index.php\/wp-json\/wp\/v2\/media?parent=4220"}],"curies":[{"name":"wp","href":"https:\/\/api.w.org\/{rel}","templated":true}]}}