{"id":4163,"date":"2024-05-22T10:03:12","date_gmt":"2024-05-22T10:03:12","guid":{"rendered":"https:\/\/zha.pt\/?page_id=4163"},"modified":"2025-01-29T10:13:10","modified_gmt":"2025-01-29T10:13:10","slug":"laray","status":"publish","type":"page","link":"https:\/\/zha.pt\/index.php\/criacoes\/espetaculos\/laray\/","title":{"rendered":"LARAY"},"content":{"rendered":"<section class=\"wpb-content-wrapper\"><p>[vc_row full_width=&#8221;stretch_row&#8221;][vc_column width=&#8221;1\/2&#8243;]<div id=\"la_divider69fb341f2a983\" class=\"js-el la-divider la-unit-responsive\" data-la_component=\"UnitResponsive\"  data-el_target='#la_divider69fb341f2a983'  data-el_media_sizes='{&quot;padding-top&quot;:&quot;xlg:220px;lg:150px;md:120px;sm:50px;&quot;}' ><\/div>\n<div id=\"la_divider69fb341f2aa19\" class=\"js-el la-divider la-unit-responsive\" data-la_component=\"UnitResponsive\"  data-el_target='#la_divider69fb341f2aa19'  data-el_media_sizes='{&quot;padding-top&quot;:&quot;xlg:220px;lg:150px;md:120px;sm:50px;&quot;}' ><\/div>\n<div id=\"la_divider69fb341f2aa7c\" class=\"js-el la-divider la-unit-responsive\" data-la_component=\"UnitResponsive\"  data-el_target='#la_divider69fb341f2aa7c'  data-el_media_sizes='{&quot;padding-top&quot;:&quot;xlg:220px;lg:150px;md:120px;sm:50px;&quot;}' ><\/div>\n<div class='la_parallax_row js-el' data-bg-align='' data-direction='up' data-opacity='100' data-velocity='-0' data-mobile-enabled='' data-bg-height='843' data-bg-width='1920' data-bg-image='\/\/zha.pt\/wp-content\/uploads\/2024\/05\/Laray.jpg' data-bg-repeat='false' data-bg-repeat-type='' data-id='' data-la_component='ParallaxRow' style='display: none'><\/div><div id=\"la_divider69fb341f2ad35\" class=\"js-el la-divider la-unit-responsive\" data-la_component=\"UnitResponsive\"  data-el_target='#la_divider69fb341f2ad35'  data-el_media_sizes='{&quot;padding-top&quot;:&quot;xlg:190px;lg:120px;md:90px;sm:30px;&quot;}' ><\/div>\n[\/vc_column][vc_column width=&#8221;1\/2&#8243;][\/vc_column][\/vc_row][vc_row][vc_column la_animation_name=&#8221;fadeInUp&#8221; la_animation_duration=&#8221;1&#8243; la_animation_delay=&#8221;.2&#8243; la_animation_iteration_count=&#8221;1&#8243;]<div id=\"la_divider69fb341f2ad9b\" class=\"js-el la-divider la-unit-responsive\" data-la_component=\"UnitResponsive\"  data-el_target='#la_divider69fb341f2ad9b'  data-el_media_sizes='{&quot;padding-top&quot;:&quot;lg:50px;&quot;}' ><\/div>\n<div id=\"la_heading_69fb341f2aec1\" class=\"la-headings text-center m6-heading\"><h2 class=\"js-el heading-tag la-unit-responsive\" style=\"\" >LARAY<\/h2><div class=\"js-el subheading-tag la-unit-responsive\" style=\"\" ><p><em>De ramo em ramo, fam\u00edlia em fam\u00edlia, pessoa em pessoa, acende-se a chama do encontro. A m\u00fasica, a dan\u00e7a e o canto &#8211; formas naturais de celebra\u00e7\u00e3o, express\u00e3o e comunica\u00e7\u00e3o das comunidades ciganas &#8211; enchem casas, ruas e bairros de interpreta\u00e7\u00f5es art\u00edsticas de grande beleza. Cresce ZHA! no culminar de um longo processo de proximidade, cumplicidade, escuta, cria\u00e7\u00e3o e supera\u00e7\u00e3o. Criadores ciganos e n\u00e3o-ciganos, juntos, lan\u00e7am um olhar novo sobre um rico legado cultural e patrimonial. Para fazer soar mais alto e mais longe a voz cigana, para fazer ecoar o direito, no avesso e nas costuras da cidade e da sociedade.\u00a0Que ZHA! seja fogueira que arde e se v\u00ea, de perto e de longe, de fora e dentro.<\/em><br \/>\nO espet\u00e1culo <a href=\"https:\/\/visoesuteis.pt\/pt\/criacao\/zha-laray\" target=\"_blank\" rel=\"noopener\"><b>ZHA! LARAY<\/b> <\/a>tem estreia marcada para 6 e 7 de junho no Grande Audit\u00f3rio do RIVOLI Teatro Municipal do Porto &#8211; o culminar de um longo processo de forma\u00e7\u00e3o-a\u00e7\u00e3o e cria\u00e7\u00e3o em torno da m\u00fasica e da dan\u00e7a. Pretende projetar-se para a cidade e sociedade como obra original e contempor\u00e2nea, com relev\u00e2ncia para o circuito nacional e internacional das artes performativas. Com apoio de uma fundamental rede de entidades sociais parceiras e juntando um conjunto de artistas ciganos e n\u00e3o-ciganos, ZHA! LARAY pretende um maior empoderamento dos artistas desta minoria \u00e9tnica e a desmistifica\u00e7\u00e3o de cren\u00e7as e preconceitos relacionados com as comunidades ciganas, potenciando a sua integra\u00e7\u00e3o em percursos de vida mais justos, inclusivos e participativos, nomeadamente dando lugar e visibilidade \u00e0s suas pr\u00e1ticas de cria\u00e7\u00e3o art\u00edstica.<\/p>\n<\/div><\/div>\n<div id=\"la_divider69fb341f2af75\" class=\"js-el la-divider la-unit-responsive\" data-la_component=\"UnitResponsive\"  data-el_target='#la_divider69fb341f2af75'  data-el_media_sizes='{&quot;padding-top&quot;:&quot;lg:50px;&quot;}' ><\/div>\n[\/vc_column][\/vc_row][vc_row][vc_column width=&#8221;1\/4&#8243; la_animation_name=&#8221;fadeInUp&#8221; la_animation_duration=&#8221;1&#8243; la_animation_delay=&#8221;.2&#8243; la_animation_iteration_count=&#8221;1&#8243;][\/vc_column][vc_column width=&#8221;1\/2&#8243;][vc_btn title=&#8221;Folha de Sala&#8221; align=&#8221;center&#8221; link=&#8221;url:https%3A%2F%2Fzha.pt%2Fwp-content%2Fuploads%2F2025%2F01%2FZha_Laray_folha_sala.pdf|target:_blank&#8221;][vc_raw_html]JTNDZGl2JTIwc3R5bGUlM0QlMjJwYWRkaW5nJTNBNTYuMjUlMjUlMjAwJTIwMCUyMDAlM0Jwb3NpdGlvbiUzQXJlbGF0aXZlJTNCJTIyJTNFJTNDaWZyYW1lJTIwc3JjJTNEJTIyaHR0cHMlM0ElMkYlMkZwbGF5ZXIudmltZW8uY29tJTJGdmlkZW8lMkYxMDA3NDA5MTU1JTNGaCUzRDQ4ZjNjMDRkOWQlMjZhbXAlM0JiYWRnZSUzRDAlMjZhbXAlM0JhdXRvcGF1c2UlM0QwJTI2YW1wJTNCcGxheWVyX2lkJTNEMCUyNmFtcCUzQmFwcF9pZCUzRDU4NDc5JTIyJTIwZnJhbWVib3JkZXIlM0QlMjIwJTIyJTIwYWxsb3clM0QlMjJhdXRvcGxheSUzQiUyMGZ1bGxzY3JlZW4lM0IlMjBwaWN0dXJlLWluLXBpY3R1cmUlM0IlMjBjbGlwYm9hcmQtd3JpdGUlMjIlMjBzdHlsZSUzRCUyMnBvc2l0aW9uJTNBYWJzb2x1dGUlM0J0b3AlM0EwJTNCbGVmdCUzQTAlM0J3aWR0aCUzQTEwMCUyNSUzQmhlaWdodCUzQTEwMCUyNSUzQiUyMiUyMHRpdGxlJTNEJTIyWkhBJTIxJTIwTEFSQVklMjIlM0UlM0MlMkZpZnJhbWUlM0UlM0MlMkZkaXYlM0UlM0NzY3JpcHQlMjBzcmMlM0QlMjJodHRwcyUzQSUyRiUyRnBsYXllci52aW1lby5jb20lMkZhcGklMkZwbGF5ZXIuanMlMjIlM0UlM0MlMkZzY3JpcHQlM0U=[\/vc_raw_html][\/vc_column][vc_column width=&#8221;1\/4&#8243;][\/vc_column][\/vc_row]<\/p>\n<\/section>","protected":false},"excerpt":{"rendered":"<p>[vc_row full_width=&#8221;stretch_row&#8221;][vc_column width=&#8221;1\/2&#8243;][\/vc_column][vc_column width=&#8221;1\/2&#8243;][\/vc_column][\/vc_row][vc_row][vc_column la_animation_name=&#8221;fadeInUp&#8221; la_animation_duration=&#8221;1&#8243; la_animation_delay=&#8221;.2&#8243; la_animation_iteration_count=&#8221;1&#8243;][\/vc_column][\/vc_row][vc_row][vc_column width=&#8221;1\/4&#8243; la_animation_name=&#8221;fadeInUp&#8221; la_animation_duration=&#8221;1&#8243; la_animation_delay=&#8221;.2&#8243; la_animation_iteration_count=&#8221;1&#8243;][\/vc_column][vc_column width=&#8221;1\/2&#8243;][vc_btn title=&#8221;Folha de Sala&#8221; align=&#8221;center&#8221; link=&#8221;url:https%3A%2F%2Fzha.pt%2Fwp-content%2Fuploads%2F2025%2F01%2FZha_Laray_folha_sala.pdf|target:_blank&#8221;][vc_raw_html]JTNDZGl2JTIwc3R5bGUlM0QlMjJwYWRkaW5nJTNBNTYuMjUlMjUlMjAwJTIwMCUyMDAlM0Jwb3NpdGlvbiUzQXJlbGF0aXZlJTNCJTIyJTNFJTNDaWZyYW1lJTIwc3JjJTNEJTIyaHR0cHMlM0ElMkYlMkZwbGF5ZXIudmltZW8uY29tJTJGdmlkZW8lMkYxMDA3NDA5MTU1JTNGaCUzRDQ4ZjNjMDRkOWQlMjZhbXAlM0JiYWRnZSUzRDAlMjZhbXAlM0JhdXRvcGF1c2UlM0QwJTI2YW1wJTNCcGxheWVyX2lkJTNEMCUyNmFtcCUzQmFwcF9pZCUzRDU4NDc5JTIyJTIwZnJhbWVib3JkZXIlM0QlMjIwJTIyJTIwYWxsb3clM0QlMjJhdXRvcGxheSUzQiUyMGZ1bGxzY3JlZW4lM0IlMjBwaWN0dXJlLWluLXBpY3R1cmUlM0IlMjBjbGlwYm9hcmQtd3JpdGUlMjIlMjBzdHlsZSUzRCUyMnBvc2l0aW9uJTNBYWJzb2x1dGUlM0J0b3AlM0EwJTNCbGVmdCUzQTAlM0J3aWR0aCUzQTEwMCUyNSUzQmhlaWdodCUzQTEwMCUyNSUzQiUyMiUyMHRpdGxlJTNEJTIyWkhBJTIxJTIwTEFSQVklMjIlM0UlM0MlMkZpZnJhbWUlM0UlM0MlMkZkaXYlM0UlM0NzY3JpcHQlMjBzcmMlM0QlMjJodHRwcyUzQSUyRiUyRnBsYXllci52aW1lby5jb20lMkZhcGklMkZwbGF5ZXIuanMlMjIlM0UlM0MlMkZzY3JpcHQlM0U=[\/vc_raw_html][\/vc_column][vc_column width=&#8221;1\/4&#8243;][\/vc_column][\/vc_row]<\/p>\n","protected":false},"author":1,"featured_media":0,"parent":3787,"menu_order":2,"comment_status":"closed","ping_status":"closed","template":"","meta":{"footnotes":""},"class_list":["post-4163","page","type-page","status-publish","hentry"],"_links":{"self":[{"href":"https:\/\/zha.pt\/index.php\/wp-json\/wp\/v2\/pages\/4163","targetHints":{"allow":["GET"]}}],"collection":[{"href":"https:\/\/zha.pt\/index.php\/wp-json\/wp\/v2\/pages"}],"about":[{"href":"https:\/\/zha.pt\/index.php\/wp-json\/wp\/v2\/types\/page"}],"author":[{"embeddable":true,"href":"https:\/\/zha.pt\/index.php\/wp-json\/wp\/v2\/users\/1"}],"replies":[{"embeddable":true,"href":"https:\/\/zha.pt\/index.php\/wp-json\/wp\/v2\/comments?post=4163"}],"version-history":[{"count":8,"href":"https:\/\/zha.pt\/index.php\/wp-json\/wp\/v2\/pages\/4163\/revisions"}],"predecessor-version":[{"id":4385,"href":"https:\/\/zha.pt\/index.php\/wp-json\/wp\/v2\/pages\/4163\/revisions\/4385"}],"up":[{"embeddable":true,"href":"https:\/\/zha.pt\/index.php\/wp-json\/wp\/v2\/pages\/3787"}],"wp:attachment":[{"href":"https:\/\/zha.pt\/index.php\/wp-json\/wp\/v2\/media?parent=4163"}],"curies":[{"name":"wp","href":"https:\/\/api.w.org\/{rel}","templated":true}]}}