{"id":4151,"date":"2024-05-22T09:54:00","date_gmt":"2024-05-22T09:54:00","guid":{"rendered":"https:\/\/zha.pt\/?page_id=4151"},"modified":"2025-01-29T10:12:53","modified_gmt":"2025-01-29T10:12:53","slug":"listening-party","status":"publish","type":"page","link":"https:\/\/zha.pt\/index.php\/criacoes\/espetaculos\/listening-party\/","title":{"rendered":"Listening Party"},"content":{"rendered":"<section class=\"wpb-content-wrapper\"><p>[vc_row full_width=&#8221;stretch_row&#8221;][vc_column width=&#8221;1\/2&#8243;]<div id=\"la_divider69f57886b057f\" class=\"js-el la-divider la-unit-responsive\" data-la_component=\"UnitResponsive\"  data-el_target='#la_divider69f57886b057f'  data-el_media_sizes='{&quot;padding-top&quot;:&quot;xlg:220px;lg:150px;md:120px;sm:50px;&quot;}' ><\/div>\n<div id=\"la_divider69f57886b062c\" class=\"js-el la-divider la-unit-responsive\" data-la_component=\"UnitResponsive\"  data-el_target='#la_divider69f57886b062c'  data-el_media_sizes='{&quot;padding-top&quot;:&quot;xlg:220px;lg:150px;md:120px;sm:50px;&quot;}' ><\/div>\n<div id=\"la_divider69f57886b0693\" class=\"js-el la-divider la-unit-responsive\" data-la_component=\"UnitResponsive\"  data-el_target='#la_divider69f57886b0693'  data-el_media_sizes='{&quot;padding-top&quot;:&quot;xlg:220px;lg:150px;md:120px;sm:50px;&quot;}' ><\/div>\n<div class='la_parallax_row js-el' data-bg-align='' data-direction='up' data-opacity='100' data-velocity='-0' data-mobile-enabled='' data-bg-height='843' data-bg-width='1920' data-bg-image='\/\/zha.pt\/wp-content\/uploads\/2024\/05\/listening_party.jpg' data-bg-repeat='false' data-bg-repeat-type='' data-id='' data-la_component='ParallaxRow' style='display: none'><\/div><div id=\"la_divider69f57886b0959\" class=\"js-el la-divider la-unit-responsive\" data-la_component=\"UnitResponsive\"  data-el_target='#la_divider69f57886b0959'  data-el_media_sizes='{&quot;padding-top&quot;:&quot;xlg:190px;lg:120px;md:90px;sm:30px;&quot;}' ><\/div>\n[\/vc_column][vc_column width=&#8221;1\/2&#8243;][\/vc_column][\/vc_row][vc_row][vc_column la_animation_name=&#8221;fadeInUp&#8221; la_animation_duration=&#8221;1&#8243; la_animation_delay=&#8221;.2&#8243; la_animation_iteration_count=&#8221;1&#8243;]<div id=\"la_divider69f57886b09c3\" class=\"js-el la-divider la-unit-responsive\" data-la_component=\"UnitResponsive\"  data-el_target='#la_divider69f57886b09c3'  data-el_media_sizes='{&quot;padding-top&quot;:&quot;lg:50px;&quot;}' ><\/div>\n<div id=\"la_heading_69f57886b0ba9\" class=\"la-headings text-center m6-heading\"><h2 class=\"js-el heading-tag la-unit-responsive\" style=\"\" >Listening Party<\/h2><div class=\"js-el subheading-tag la-unit-responsive\" style=\"\" ><p>No dia 8 de abril &#8211; Dia Internacional da Pessoa Cigana, lan\u00e7\u00e1mos oficialmente o CD do \u00e1lbum\u00a0<b>ZHA! \u00c9 a nossa vez! <\/b>numa <a href=\"https:\/\/www.batalhacentrodecinema.pt\/programmes\/listening-party-zha\/\" target=\"_blank\" rel=\"noopener\"><u>Listening Party no BATALHA Centro de Cinema<\/u><\/a> que contou com o visionamento de 3 videoclipes (<i>Aos Av\u00f3s!<\/i>, <i>Poema &#8211; can\u00e7\u00e3o de cisne\u00a0<\/i>e <i>As nossas palavras<\/i>) seguido da apresenta\u00e7\u00e3o ao vivo de 2 temas do \u00e1lbum (<i>Gratid\u00e3o<\/i> e <i>Dedicat\u00f3ria<\/i>) e ainda uma conversa com os artistas participantes moderada por Vanessa Ribeiro Rodrigues que deixou o convite a um conv\u00edvio no bar para escuta dos 8 temas originais.<br \/>\nEste \u00e1lbum resulta de encontros comunit\u00e1rios de cocria\u00e7\u00e3o e de um ciclo de oficinas que decorreram em 2023 nos bairros de Contumil, do Lagarteiro e do Cerco do Porto. Re\u00fane temas originais, dos artistas e m\u00fasicos que participaram nestes encontros, grande parte autodidatas, e representa a vontade de reclamar o tempo e o espa\u00e7o, bem como a dignidade art\u00edstica e igualdade de oportunidades para a comunidade cigana \u2014 e de fazer soar mais alto a sua voz. Os videoclipes revelam as hist\u00f3rias desses encontros e neles se torna clara a escolha do t\u00edtulo do \u00e1lbum: \u201c\u00c9 a nossa vez!\u201d.<br \/>\nA Listening Party veiculou\u00a0a primeira apresenta\u00e7\u00e3o p\u00fablica dos produtos art\u00edsticos gerados por ZHA! e o arranque da sua dissemina\u00e7\u00e3o em grande escala, nas redes sociais e nas plataformas online. A realiza\u00e7\u00e3o deste evento no BATALHA Centro de Cinema representa a possibilidade de dar forma e ampliar a proje\u00e7\u00e3o do trabalho de cria\u00e7\u00e3o e participa\u00e7\u00e3o desta comunidade de artistas ciganos, de diferentes gera\u00e7\u00f5es, ao grande p\u00fablico da cidade do Porto.<\/p>\n<\/div><\/div>\n<div id=\"la_divider69f57886b0c8f\" class=\"js-el la-divider la-unit-responsive\" data-la_component=\"UnitResponsive\"  data-el_target='#la_divider69f57886b0c8f'  data-el_media_sizes='{&quot;padding-top&quot;:&quot;lg:50px;&quot;}' ><\/div>\n[\/vc_column][\/vc_row][vc_row][vc_column width=&#8221;1\/4&#8243; la_animation_name=&#8221;fadeInUp&#8221; la_animation_duration=&#8221;1&#8243; la_animation_delay=&#8221;.2&#8243; la_animation_iteration_count=&#8221;1&#8243;][\/vc_column][vc_column width=&#8221;1\/2&#8243;][vc_btn title=&#8221;Folha de Sala&#8221; align=&#8221;center&#8221; link=&#8221;url:https%3A%2F%2Fzha.pt%2Fwp-content%2Fuploads%2F2025%2F01%2FZha_Listening_party_folha_de_sala.pdf|target:_blank&#8221;][vc_gallery interval=&#8221;10&#8243; images=&#8221;4154,4155,4156,4157,4158&#8243; img_size=&#8221;medium&#8221; onclick=&#8221;&#8221;][\/vc_column][vc_column width=&#8221;1\/4&#8243;][\/vc_column][\/vc_row]<\/p>\n<\/section>","protected":false},"excerpt":{"rendered":"<p>[vc_row full_width=&#8221;stretch_row&#8221;][vc_column width=&#8221;1\/2&#8243;][\/vc_column][vc_column width=&#8221;1\/2&#8243;][\/vc_column][\/vc_row][vc_row][vc_column la_animation_name=&#8221;fadeInUp&#8221; la_animation_duration=&#8221;1&#8243; la_animation_delay=&#8221;.2&#8243; la_animation_iteration_count=&#8221;1&#8243;][\/vc_column][\/vc_row][vc_row][vc_column width=&#8221;1\/4&#8243; la_animation_name=&#8221;fadeInUp&#8221; la_animation_duration=&#8221;1&#8243; la_animation_delay=&#8221;.2&#8243; la_animation_iteration_count=&#8221;1&#8243;][\/vc_column][vc_column width=&#8221;1\/2&#8243;][vc_btn title=&#8221;Folha de Sala&#8221; align=&#8221;center&#8221; link=&#8221;url:https%3A%2F%2Fzha.pt%2Fwp-content%2Fuploads%2F2025%2F01%2FZha_Listening_party_folha_de_sala.pdf|target:_blank&#8221;][vc_gallery interval=&#8221;10&#8243; images=&#8221;4154,4155,4156,4157,4158&#8243; img_size=&#8221;medium&#8221; onclick=&#8221;&#8221;][\/vc_column][vc_column width=&#8221;1\/4&#8243;][\/vc_column][\/vc_row]<\/p>\n","protected":false},"author":1,"featured_media":0,"parent":3787,"menu_order":1,"comment_status":"closed","ping_status":"closed","template":"","meta":{"footnotes":""},"class_list":["post-4151","page","type-page","status-publish","hentry"],"_links":{"self":[{"href":"https:\/\/zha.pt\/index.php\/wp-json\/wp\/v2\/pages\/4151","targetHints":{"allow":["GET"]}}],"collection":[{"href":"https:\/\/zha.pt\/index.php\/wp-json\/wp\/v2\/pages"}],"about":[{"href":"https:\/\/zha.pt\/index.php\/wp-json\/wp\/v2\/types\/page"}],"author":[{"embeddable":true,"href":"https:\/\/zha.pt\/index.php\/wp-json\/wp\/v2\/users\/1"}],"replies":[{"embeddable":true,"href":"https:\/\/zha.pt\/index.php\/wp-json\/wp\/v2\/comments?post=4151"}],"version-history":[{"count":8,"href":"https:\/\/zha.pt\/index.php\/wp-json\/wp\/v2\/pages\/4151\/revisions"}],"predecessor-version":[{"id":4384,"href":"https:\/\/zha.pt\/index.php\/wp-json\/wp\/v2\/pages\/4151\/revisions\/4384"}],"up":[{"embeddable":true,"href":"https:\/\/zha.pt\/index.php\/wp-json\/wp\/v2\/pages\/3787"}],"wp:attachment":[{"href":"https:\/\/zha.pt\/index.php\/wp-json\/wp\/v2\/media?parent=4151"}],"curies":[{"name":"wp","href":"https:\/\/api.w.org\/{rel}","templated":true}]}}