{"id":3791,"date":"2023-02-16T09:45:24","date_gmt":"2023-02-16T09:45:24","guid":{"rendered":"https:\/\/zha.pt\/?page_id=3791"},"modified":"2024-05-22T11:39:35","modified_gmt":"2024-05-22T11:39:35","slug":"videoclipes","status":"publish","type":"page","link":"https:\/\/zha.pt\/index.php\/criacoes\/videoclipes\/","title":{"rendered":"Videoclipes"},"content":{"rendered":"<section class=\"wpb-content-wrapper\"><p>[vc_row][vc_column la_animation_name=&#8221;fadeInUp&#8221; la_animation_duration=&#8221;1&#8243; la_animation_delay=&#8221;.2&#8243; la_animation_iteration_count=&#8221;1&#8243;]<div id=\"la_divider69f4b2f6afae2\" class=\"js-el la-divider la-unit-responsive\" data-la_component=\"UnitResponsive\"  data-el_target='#la_divider69f4b2f6afae2'  data-el_media_sizes='{&quot;padding-top&quot;:&quot;lg:50px;&quot;}' ><\/div>\n<div id=\"la_heading_69f4b2f6afc4b\" class=\"la-headings text-center m6-heading\"><div class=\"js-el subheading-tag la-unit-responsive\" style=\"\" ><p>Os tr\u00eas videoclipes que ilustram 3 das 8 m\u00fasicas do \u00e1lbum <b>\u00c9 a nossa vez!<\/b>\u00a0foram desenvolvidos ao longo das oficinas de styling, de grava\u00e7\u00e3o de imagem e de edi\u00e7\u00e3o, e resultam de um longo processo participativo de tomada de decis\u00e3o comunit\u00e1ria. As imagens juntam-se assim \u00e0 palavras para contar hist\u00f3rias que ficam gravadas na mem\u00f3ria.<\/p>\n<\/div><\/div>\n<div id=\"la_divider69f4b2f6afcda\" class=\"js-el la-divider la-unit-responsive\" data-la_component=\"UnitResponsive\"  data-el_target='#la_divider69f4b2f6afcda'  data-el_media_sizes='{&quot;padding-top&quot;:&quot;lg:50px;&quot;}' ><\/div>\n[\/vc_column][\/vc_row][vc_row][vc_column][\/vc_column][\/vc_row][vc_row][vc_column width=&#8221;1\/4&#8243;][\/vc_column][vc_column width=&#8221;1\/2&#8243;][vc_gallery interval=&#8221;10&#8243; images=&#8221;4176,4177,4178,4179,4180,4181,4182,4183,4184,4185&#8243; img_size=&#8221;medium&#8221; onclick=&#8221;&#8221;][\/vc_column][vc_column width=&#8221;1\/4&#8243;][\/vc_column][\/vc_row]<\/p>\n<\/section>","protected":false},"excerpt":{"rendered":"<p>[vc_row][vc_column la_animation_name=&#8221;fadeInUp&#8221; la_animation_duration=&#8221;1&#8243; la_animation_delay=&#8221;.2&#8243; la_animation_iteration_count=&#8221;1&#8243;][\/vc_column][\/vc_row][vc_row][vc_column][\/vc_column][\/vc_row][vc_row][vc_column width=&#8221;1\/4&#8243;][\/vc_column][vc_column width=&#8221;1\/2&#8243;][vc_gallery interval=&#8221;10&#8243; images=&#8221;4176,4177,4178,4179,4180,4181,4182,4183,4184,4185&#8243; img_size=&#8221;medium&#8221; onclick=&#8221;&#8221;][\/vc_column][vc_column width=&#8221;1\/4&#8243;][\/vc_column][\/vc_row]<\/p>\n","protected":false},"author":1,"featured_media":0,"parent":3807,"menu_order":0,"comment_status":"closed","ping_status":"closed","template":"","meta":{"footnotes":""},"class_list":["post-3791","page","type-page","status-publish","hentry"],"_links":{"self":[{"href":"https:\/\/zha.pt\/index.php\/wp-json\/wp\/v2\/pages\/3791","targetHints":{"allow":["GET"]}}],"collection":[{"href":"https:\/\/zha.pt\/index.php\/wp-json\/wp\/v2\/pages"}],"about":[{"href":"https:\/\/zha.pt\/index.php\/wp-json\/wp\/v2\/types\/page"}],"author":[{"embeddable":true,"href":"https:\/\/zha.pt\/index.php\/wp-json\/wp\/v2\/users\/1"}],"replies":[{"embeddable":true,"href":"https:\/\/zha.pt\/index.php\/wp-json\/wp\/v2\/comments?post=3791"}],"version-history":[{"count":9,"href":"https:\/\/zha.pt\/index.php\/wp-json\/wp\/v2\/pages\/3791\/revisions"}],"predecessor-version":[{"id":4228,"href":"https:\/\/zha.pt\/index.php\/wp-json\/wp\/v2\/pages\/3791\/revisions\/4228"}],"up":[{"embeddable":true,"href":"https:\/\/zha.pt\/index.php\/wp-json\/wp\/v2\/pages\/3807"}],"wp:attachment":[{"href":"https:\/\/zha.pt\/index.php\/wp-json\/wp\/v2\/media?parent=3791"}],"curies":[{"name":"wp","href":"https:\/\/api.w.org\/{rel}","templated":true}]}}