{"id":3790,"date":"2023-02-16T09:45:26","date_gmt":"2023-02-16T09:45:26","guid":{"rendered":"https:\/\/zha.pt\/?page_id=3790"},"modified":"2025-01-29T14:20:48","modified_gmt":"2025-01-29T14:20:48","slug":"documentario","status":"publish","type":"page","link":"https:\/\/zha.pt\/index.php\/criacoes\/documentario\/","title":{"rendered":"Document\u00e1rio"},"content":{"rendered":"<section class=\"wpb-content-wrapper\"><p>[vc_row][vc_column la_animation_name=&#8221;fadeInUp&#8221; la_animation_duration=&#8221;1&#8243; la_animation_delay=&#8221;.2&#8243; la_animation_iteration_count=&#8221;1&#8243;][vc_empty_space height=&#8221;50px&#8221;][\/vc_column][\/vc_row][vc_row][vc_column width=&#8221;1\/4&#8243; la_animation_name=&#8221;fadeInUp&#8221; la_animation_duration=&#8221;1&#8243; la_animation_delay=&#8221;.2&#8243; la_animation_iteration_count=&#8221;1&#8243;][\/vc_column][vc_column width=&#8221;1\/2&#8243;][vc_raw_html]JTNDZGl2JTIwc3R5bGUlM0QlMjJwYWRkaW5nJTNBNTYuMjUlMjUlMjAwJTIwMCUyMDAlM0Jwb3NpdGlvbiUzQXJlbGF0aXZlJTNCJTIyJTNFJTNDaWZyYW1lJTIwc3JjJTNEJTIyaHR0cHMlM0ElMkYlMkZwbGF5ZXIudmltZW8uY29tJTJGdmlkZW8lMkYxMDQwOTY0MjMyJTNGaCUzRDAwN2RlMzgwODklMjIlMjBmcmFtZWJvcmRlciUzRCUyMjAlMjIlMjBhbGxvdyUzRCUyMmF1dG9wbGF5JTNCJTIwZnVsbHNjcmVlbiUzQiUyMHBpY3R1cmUtaW4tcGljdHVyZSUzQiUyMGNsaXBib2FyZC13cml0ZSUyMiUyMHN0eWxlJTNEJTIycG9zaXRpb24lM0FhYnNvbHV0ZSUzQnRvcCUzQTAlM0JsZWZ0JTNBMCUzQndpZHRoJTNBMTAwJTI1JTNCaGVpZ2h0JTNBMTAwJTI1JTNCJTIyJTIwdGl0bGUlM0QlMjJaSEElMjElMjBMQVJBWSUyMiUzRSUzQyUyRmlmcmFtZSUzRSUzQyUyRmRpdiUzRSUzQ3NjcmlwdCUyMHNyYyUzRCUyMmh0dHBzJTNBJTJGJTJGcGxheWVyLnZpbWVvLmNvbSUyRmFwaSUyRnBsYXllci5qcyUyMiUzRSUzQyUyRnNjcmlwdCUzRQ==[\/vc_raw_html][\/vc_column][vc_column width=&#8221;1\/4&#8243;][\/vc_column][\/vc_row][vc_row][vc_column la_animation_name=&#8221;fadeInUp&#8221; la_animation_duration=&#8221;1&#8243; la_animation_delay=&#8221;.2&#8243; la_animation_iteration_count=&#8221;1&#8243;]<div id=\"la_divider69f434dd87c92\" class=\"js-el la-divider la-unit-responsive\" data-la_component=\"UnitResponsive\"  data-el_target='#la_divider69f434dd87c92'  data-el_media_sizes='{&quot;padding-top&quot;:&quot;lg:50px;&quot;}' ><\/div>\n<div id=\"la_heading_69f434dd87eba\" class=\"la-headings text-center m6-heading\"><div class=\"js-el subheading-tag la-unit-responsive\" style=\"\" ><p><em>Este document\u00e1rio \u00e9 uma cole\u00e7\u00e3o de\u00a0mem\u00f3rias, momentos, palavras, emo\u00e7\u00f5es e\u00a0ritmos que representam, para mim, o que\u00a0foi o ZHA!. Acompanhar este projeto ao\u00a0longo destes dois anos foi uma experi\u00eancia\u00a0cultural e emocionalmente enriquecedora.\u00a0Criaram-se rela\u00e7\u00f5es de proximidade e\u00a0amizade, partilharam-se festas e celebra\u00e7\u00f5es, testemunhou-se o crescimento pessoal\u00a0coletivo, viveram-se momentos de sintonia\u00a0e sincronia. Mais do que registar um\u00a0percurso, gostava de ver este document\u00e1rio como uma homenagem a todas as pessoas\u00a0que estiveram envolvidas neste projeto e\u00a0como agradecimento por tudo o que foi\u00a0partilhado.<\/em><br \/>\n<em>Vasco Mendes<\/em><\/p>\n<p>&nbsp;<\/p>\n<p><strong>ficha t\u00e9cnica<\/strong><\/p>\n<p>realiza\u00e7\u00e3o<br \/>\nVasco Mendes<\/p>\n<p>participantes projeto e doc.ZHA!<br \/>\nAdinho, Adonai, Adriel, Afonsinha, Alice, Almerinda, Ana\u00a0Lu, Ana Rita, Andr\u00e9, Andreia, Ant\u00f3nio, B\u00e1rbara, Beatriz,\u00a0Bebiana, Beirinho, Beto, Catarina, C\u00e1tia, Cl\u00e1udia, Cla\u00fadio,\u00a0Cleia, Daniel, Daniela, Davi, D\u00e9lcio, Dianinho, Elias, Elson,\u00a0Elton, Eltynha, Estela, Fabiano, F\u00e1tima, Fl\u00e1vio, Fernanda,\u00a0Filomena, Francisca, Gil, Girisa, Iara, In\u00eas, \u00cdris, Ivana, Ivana\u00a0Gonzalez, Jacobino, Jirizinha, Joabe, Joana, Jo\u00e3o, Jorginho,\u00a0Jojo, Jos\u00e9, Jos\u00e9 Maria, Kadora, Kelly, Lara, Lara Fernandes,\u00a0Leticia, Leticia Maia, Levi, Lic\u00ednia, Liliana, Lisandra, Luana,\u00a0L\u00facia, Lu\u00eds, Ma\u00edsa, Mafalda, Mara, Margarida, Maria,\u00a0Marinha, Marta, Mega, Mendrinho, Micael, Micaela,\u00a0Miguel, Misael, Mois\u00e9s, Nat\u00e1lia, Neide, Pedro, Poppe,\u00a0Ra\u00edssa, Ricardinho, Rosa, Ruizinho, Samara, Samira,\u00a0Samuel, Santiago, Sarai, Shirley, Stefan, Sulamita, Suani,\u00a0Sueli, Sueli Fernandes, Tiago, Ulisses, Vitor Hugo, Vitor Huguinho, Vit\u00f3ria, Yara, Zamir, Z\u00e9 Carlos, Z\u00e9 Carlinhos,\u00a0Z\u00e9 Villa\u00e7a<\/p>\n<p>agradecimentos \/ lugares de filmagens<br \/>\nBatalha Centro de Cinema, Rivoli &#8211; Teatro Municipal do Porto, Equipa de Rua Oriental da Norte Vida (Sede Contumil e Pavilh\u00e3o do Lagarteiro), Sinergi@s-E9G (Casa das Glic\u00ednias), Redes CLDS 4G (Espa\u00e7o Todos), Associa\u00e7\u00e3o \u201cos Viquingues\u201d (Sede Bloco 2 Cerco), Fam\u00edlia do Ulisses (Casamento da Lara), Arda Recorders, Sr. Jos\u00e9 Maria e D. Suani (Casa), Rui Maia e Patr\u00edcia Carvalho (Casa), Igreja Evang\u00e9lica Filadelfia da Areosa, Pele (Casa das Artes do Bonfim), Ant\u00f3nio Maia e Filomena Franc\u00eas (Casa), Agrupamento de Escolas Ant\u00f3nio Nobre (Escola B\u00e1sica Nicolau Nasoni<\/p>\n<\/div><\/div>\n<div id=\"la_divider69f434dd87fa0\" class=\"js-el la-divider la-unit-responsive\" data-la_component=\"UnitResponsive\"  data-el_target='#la_divider69f434dd87fa0'  data-el_media_sizes='{&quot;padding-top&quot;:&quot;lg:50px;&quot;}' ><\/div>\n[\/vc_column][\/vc_row][vc_row][vc_column][\/vc_column][\/vc_row]<\/p>\n<\/section>","protected":false},"excerpt":{"rendered":"<p>[vc_row][vc_column la_animation_name=&#8221;fadeInUp&#8221; la_animation_duration=&#8221;1&#8243; la_animation_delay=&#8221;.2&#8243; la_animation_iteration_count=&#8221;1&#8243;][vc_empty_space height=&#8221;50px&#8221;][\/vc_column][\/vc_row][vc_row][vc_column width=&#8221;1\/4&#8243; la_animation_name=&#8221;fadeInUp&#8221; la_animation_duration=&#8221;1&#8243; la_animation_delay=&#8221;.2&#8243; la_animation_iteration_count=&#8221;1&#8243;][\/vc_column][vc_column width=&#8221;1\/2&#8243;][vc_raw_html]JTNDZGl2JTIwc3R5bGUlM0QlMjJwYWRkaW5nJTNBNTYuMjUlMjUlMjAwJTIwMCUyMDAlM0Jwb3NpdGlvbiUzQXJlbGF0aXZlJTNCJTIyJTNFJTNDaWZyYW1lJTIwc3JjJTNEJTIyaHR0cHMlM0ElMkYlMkZwbGF5ZXIudmltZW8uY29tJTJGdmlkZW8lMkYxMDQwOTY0MjMyJTNGaCUzRDAwN2RlMzgwODklMjIlMjBmcmFtZWJvcmRlciUzRCUyMjAlMjIlMjBhbGxvdyUzRCUyMmF1dG9wbGF5JTNCJTIwZnVsbHNjcmVlbiUzQiUyMHBpY3R1cmUtaW4tcGljdHVyZSUzQiUyMGNsaXBib2FyZC13cml0ZSUyMiUyMHN0eWxlJTNEJTIycG9zaXRpb24lM0FhYnNvbHV0ZSUzQnRvcCUzQTAlM0JsZWZ0JTNBMCUzQndpZHRoJTNBMTAwJTI1JTNCaGVpZ2h0JTNBMTAwJTI1JTNCJTIyJTIwdGl0bGUlM0QlMjJaSEElMjElMjBMQVJBWSUyMiUzRSUzQyUyRmlmcmFtZSUzRSUzQyUyRmRpdiUzRSUzQ3NjcmlwdCUyMHNyYyUzRCUyMmh0dHBzJTNBJTJGJTJGcGxheWVyLnZpbWVvLmNvbSUyRmFwaSUyRnBsYXllci5qcyUyMiUzRSUzQyUyRnNjcmlwdCUzRQ==[\/vc_raw_html][\/vc_column][vc_column width=&#8221;1\/4&#8243;][\/vc_column][\/vc_row][vc_row][vc_column la_animation_name=&#8221;fadeInUp&#8221; la_animation_duration=&#8221;1&#8243; la_animation_delay=&#8221;.2&#8243; la_animation_iteration_count=&#8221;1&#8243;][\/vc_column][\/vc_row][vc_row][vc_column][\/vc_column][\/vc_row]<\/p>\n","protected":false},"author":1,"featured_media":0,"parent":3807,"menu_order":0,"comment_status":"closed","ping_status":"closed","template":"","meta":{"footnotes":""},"class_list":["post-3790","page","type-page","status-publish","hentry"],"_links":{"self":[{"href":"https:\/\/zha.pt\/index.php\/wp-json\/wp\/v2\/pages\/3790","targetHints":{"allow":["GET"]}}],"collection":[{"href":"https:\/\/zha.pt\/index.php\/wp-json\/wp\/v2\/pages"}],"about":[{"href":"https:\/\/zha.pt\/index.php\/wp-json\/wp\/v2\/types\/page"}],"author":[{"embeddable":true,"href":"https:\/\/zha.pt\/index.php\/wp-json\/wp\/v2\/users\/1"}],"replies":[{"embeddable":true,"href":"https:\/\/zha.pt\/index.php\/wp-json\/wp\/v2\/comments?post=3790"}],"version-history":[{"count":12,"href":"https:\/\/zha.pt\/index.php\/wp-json\/wp\/v2\/pages\/3790\/revisions"}],"predecessor-version":[{"id":4392,"href":"https:\/\/zha.pt\/index.php\/wp-json\/wp\/v2\/pages\/3790\/revisions\/4392"}],"up":[{"embeddable":true,"href":"https:\/\/zha.pt\/index.php\/wp-json\/wp\/v2\/pages\/3807"}],"wp:attachment":[{"href":"https:\/\/zha.pt\/index.php\/wp-json\/wp\/v2\/media?parent=3790"}],"curies":[{"name":"wp","href":"https:\/\/api.w.org\/{rel}","templated":true}]}}