{"id":3789,"date":"2023-02-16T09:45:29","date_gmt":"2023-02-16T09:45:29","guid":{"rendered":"https:\/\/zha.pt\/?page_id=3789"},"modified":"2025-01-29T10:01:25","modified_gmt":"2025-01-29T10:01:25","slug":"encontro","status":"publish","type":"page","link":"https:\/\/zha.pt\/index.php\/criacoes\/encontro\/","title":{"rendered":"Encontro"},"content":{"rendered":"<section class=\"wpb-content-wrapper\"><p>[vc_row][vc_column la_animation_name=&#8221;fadeInUp&#8221; la_animation_duration=&#8221;1&#8243; la_animation_delay=&#8221;.2&#8243; la_animation_iteration_count=&#8221;1&#8243;]<div id=\"la_divider69fb335459e03\" class=\"js-el la-divider la-unit-responsive\" data-la_component=\"UnitResponsive\"  data-el_target='#la_divider69fb335459e03'  data-el_media_sizes='{&quot;padding-top&quot;:&quot;lg:50px;&quot;}' ><\/div>\n<div id=\"la_heading_69fb33545a00e\" class=\"la-headings text-center m6-heading\"><div class=\"js-el subheading-tag la-unit-responsive\" style=\"\" ><p><b><i>Um ciclo que termina<\/i><\/b><\/p>\n<p><b><i>Um caminho que continua<\/i><\/b><\/p>\n<p><i><b>ZHA! <\/b>foi o nome escolhido para este projeto\u00a0PARTIS &amp; Art for Change, financiado pelas\u00a0Funda\u00e7\u00f5es Calouste Gulbenkian e &#8220;la Caixa&#8221;,\u00a0e promovido pelo Vis\u00f5es \u00dateis em parceria\u00a0com uma s\u00f3lida rede de entidades\u00a0educativas, culturais e sociais. Um nome\u00a0que carrega em si um verbo de a\u00e7\u00e3o \u2013 &#8220;<b>v\u00e1,\u00a0<\/b><b>vamos<\/b>&#8221; \u2013 e que se tornou uma identidade\u00a0que vestimos com orgulho sempre que nos\u00a0reunimos para pensar e agir de forma\u00a0colaborativa e intercultural.\u00a0Ao longo de 28 meses, ZHA! cresceu para\u00a0al\u00e9m de n\u00f3s, expandindo-se pelos\u00a0territ\u00f3rios, pelas comunidades e pelas\u00a0rela\u00e7\u00f5es que nos unem num prop\u00f3sito\u00a0comum: promover percursos de vida mais\u00a0justos, inclusivos e participativos. Este\u00a0crescimento reflete-se nas in\u00fameras\u00a0atividades que desenvolvemos em\u00a0co-constru\u00e7\u00e3o: sess\u00f5es art\u00edsticas e\u00a0educativas, forma\u00e7\u00f5es interculturais,\u00a0oficinas e espa\u00e7os comunit\u00e1rios de cria\u00e7\u00e3o,\u00a0eventos de partilha e reflex\u00f5es conjuntas\u00a0sobre as potencialidades das artes, da\u00a0cultura e da educa\u00e7\u00e3o de rua como instrumentos de transforma\u00e7\u00e3o social.\u00a0Agora, chegados aqui ao encerramento\u00a0deste ciclo, sabemos que ZHA! n\u00e3o termina\u00a0hoje. O que constru\u00edmos \u2013 as experi\u00eancias,\u00a0as aprendizagens e os la\u00e7os formados \u2013 s\u00e3o\u00a0alicerces para o futuro. E \u00e9 a partir deste\u00a0terreno (mais) f\u00e9rtil que continuaremos a\u00a0urdir, junt@s, novos caminhos de inclus\u00e3o e participa\u00e7\u00e3o. ZHA! \u00e9 mais do que um projeto: \u00e9 um\u00a0movimento. V\u00e1, vamos, avancemos junt@s\u00a0e com a certeza de que, assegurado o\u00a0sentido de compromisso e de colabora\u00e7\u00e3o,\u00a0podemos criar, e recriar, oportunidades\u00a0para uma sociedade mais equitativa,\u00a0culturalmente diversa e assente na garantia\u00a0dos direitos humanos. Este (evento) final\u00a0n\u00e3o \u00e9 um ponto (final), mas sim um espa\u00e7o\u00a0para rememorar e celebrar, como uma\u00a0esp\u00e9cie de v\u00edrgula que por um lado precede e\u00a0por outro aponta a hist\u00f3ria que queremos\u00a0continuar a escrever.<\/i><br \/>\n<i>In\u00eas &amp; Andr\u00e9<\/i><\/p>\n<\/div><\/div>\n<div id=\"la_divider69fb33545a0fb\" class=\"js-el la-divider la-unit-responsive\" data-la_component=\"UnitResponsive\"  data-el_target='#la_divider69fb33545a0fb'  data-el_media_sizes='{&quot;padding-top&quot;:&quot;lg:50px;&quot;}' ><\/div>\n[\/vc_column][\/vc_row][vc_row][vc_column width=&#8221;1\/3&#8243;][\/vc_column][vc_column width=&#8221;1\/3&#8243;][vc_btn title=&#8221;Folha de Sala&#8221; align=&#8221;center&#8221; link=&#8221;url:https%3A%2F%2Fzha.pt%2Fwp-content%2Fuploads%2F2025%2F01%2FZHA_Doc_folha_sala.pdf|target:_blank&#8221;][vc_single_image image=&#8221;4351&#8243; img_size=&#8221;full&#8221; alignment=&#8221;center&#8221;][\/vc_column][vc_column width=&#8221;1\/3&#8243;][\/vc_column][\/vc_row][vc_row][vc_column width=&#8221;1\/4&#8243; la_animation_name=&#8221;fadeInUp&#8221; la_animation_duration=&#8221;1&#8243; la_animation_delay=&#8221;.2&#8243; la_animation_iteration_count=&#8221;1&#8243;][\/vc_column][vc_column width=&#8221;1\/2&#8243;]<div id=\"la_heading_69fb33545a217\" class=\"la-headings text-left m6-heading\"><div class=\"js-el subheading-tag la-unit-responsive\" style=\"\" ><p><b>PROGRAMA<\/b><\/p>\n<p><b>doc. ZHA!<br \/>\nEvento Final \/ 20 dez.<br \/>\nBATALHA Centro de Cinema<\/b><\/p>\n<p><b>15:00 conversa #1<\/b> Como foi?<br \/>\n<i>cafetaria e bar<\/i><br \/>\ntestemunhos da equipa ZHA!:<br \/>\n<b>Beatriz Lobo, Marta Coutinho, Elton Prud\u00eancio, Eltynha Prud\u00eancio, Vitor Hugo Maia, Santiago Fernandes, Let\u00edcia Maia, Rui Maia e Patr\u00edcia Carvalho<\/b><br \/>\nmodera\u00e7\u00e3o: <b>Mariana Correia Pinto<\/b><br \/>\ninterven\u00e7\u00e3o: <b>Fernando Paulo<\/b> &#8211; Vereador dos Pelouros da Educa\u00e7\u00e3o e da Coes\u00e3o Social da C\u00e2mara Municipal do Porto<\/p>\n<p><i>coffee break<\/i><\/p>\n<p><b>17:00<\/b> exibi\u00e7\u00e3o <b>doc.ZHA!<\/b> de <b>Vasco Mendes<\/b><br \/>\n<i>sala 1<\/i><\/p>\n<p><i>coffee break<\/i><\/p>\n<p><b>19:00 conversa #2<\/b> Como ser\u00e1?<br \/>\n<i>cafetaria e bar<\/i><br \/>\ns\u00edntese linhas reflexivas: <b>Vanessa Ribeiro Rodrigues<\/b><br \/>\nreflex\u00e3o sobre impacto em educa\u00e7\u00e3o e pol\u00edticas p\u00fablicas com:<br \/>\n<b>Liliana Pires<\/b> &#8211; Chefe de Divis\u00e3o de Interven\u00e7\u00e3o Social \/ Departamento Municipal de Coes\u00e3o Social da CMP<br \/>\n<b>Hugo Seabra<\/b> &#8211; Gestor de Projetos \/ Funda\u00e7\u00e3o Calouste Gulbenkian<br \/>\n<b>Liliana Moreira<\/b> &#8211; Dire\u00e7\u00e3o de Servi\u00e7os de Promo\u00e7\u00e3o da Integra\u00e7\u00e3o e Inclus\u00e3o das Comunidades Ciganas \/ ROMA \/ AIMA<br \/>\n<b>Guilherme Blanc<\/b> &#8211; Diretor Art\u00edstico do Batalha Centro de Cinema \/ Departamento de Cinema e Imagem em Movimento \/ \u00c1gora \u2013 Cultura e Desporto, E.M.<br \/>\n<b>V\u00edtor Marques<\/b> &#8211; Vice-Presidente Uni\u00e3o Romani Portuguesa<br \/>\n<b>Joana Martins<\/b> &#8211; Coordenadora Sinergi@s-E9G \/ ARRIMO<br \/>\n<b>Manuel Ant\u00f3nio Oliveira<\/b> &#8211; Diretor do Agrupamento de Escolas do Cerco do Porto<br \/>\nmodera\u00e7\u00e3o: <b>Andr\u00e9 Sousa e In\u00eas de Carvalho\u00a0<\/b><\/p>\n<p>A entrada \u00e9 livre, mas sujeita \u00e0 lota\u00e7\u00e3o do espa\u00e7o. Os bilhetes dever\u00e3o ser levantados na bilheteira do <b>Batalha Centro de Cinema<\/b>. Limitado a dois bilhetes por pessoa.<\/p>\n<\/div><\/div>\n[\/vc_column][vc_column width=&#8221;1\/4&#8243;][\/vc_column][\/vc_row][vc_row][vc_column width=&#8221;1\/4&#8243;][\/vc_column][vc_column width=&#8221;1\/2&#8243;][vc_gallery interval=&#8221;10&#8243; images=&#8221;4366,4367,4368,4369&#8243; img_size=&#8221;medium&#8221; onclick=&#8221;&#8221;][\/vc_column][vc_column width=&#8221;1\/4&#8243;][\/vc_column][\/vc_row][vc_row][vc_column][\/vc_column][\/vc_row]<\/p>\n<\/section>","protected":false},"excerpt":{"rendered":"<p>[vc_row][vc_column la_animation_name=&#8221;fadeInUp&#8221; la_animation_duration=&#8221;1&#8243; la_animation_delay=&#8221;.2&#8243; la_animation_iteration_count=&#8221;1&#8243;][\/vc_column][\/vc_row][vc_row][vc_column width=&#8221;1\/3&#8243;][\/vc_column][vc_column width=&#8221;1\/3&#8243;][vc_btn title=&#8221;Folha de Sala&#8221; align=&#8221;center&#8221; link=&#8221;url:https%3A%2F%2Fzha.pt%2Fwp-content%2Fuploads%2F2025%2F01%2FZHA_Doc_folha_sala.pdf|target:_blank&#8221;][vc_single_image image=&#8221;4351&#8243; img_size=&#8221;full&#8221; alignment=&#8221;center&#8221;][\/vc_column][vc_column width=&#8221;1\/3&#8243;][\/vc_column][\/vc_row][vc_row][vc_column width=&#8221;1\/4&#8243; la_animation_name=&#8221;fadeInUp&#8221; la_animation_duration=&#8221;1&#8243; la_animation_delay=&#8221;.2&#8243; la_animation_iteration_count=&#8221;1&#8243;][\/vc_column][vc_column width=&#8221;1\/2&#8243;][\/vc_column][vc_column width=&#8221;1\/4&#8243;][\/vc_column][\/vc_row][vc_row][vc_column width=&#8221;1\/4&#8243;][\/vc_column][vc_column width=&#8221;1\/2&#8243;][vc_gallery&hellip;<\/p>\n","protected":false},"author":1,"featured_media":0,"parent":3807,"menu_order":0,"comment_status":"closed","ping_status":"closed","template":"","meta":{"footnotes":""},"class_list":["post-3789","page","type-page","status-publish","hentry"],"_links":{"self":[{"href":"https:\/\/zha.pt\/index.php\/wp-json\/wp\/v2\/pages\/3789","targetHints":{"allow":["GET"]}}],"collection":[{"href":"https:\/\/zha.pt\/index.php\/wp-json\/wp\/v2\/pages"}],"about":[{"href":"https:\/\/zha.pt\/index.php\/wp-json\/wp\/v2\/types\/page"}],"author":[{"embeddable":true,"href":"https:\/\/zha.pt\/index.php\/wp-json\/wp\/v2\/users\/1"}],"replies":[{"embeddable":true,"href":"https:\/\/zha.pt\/index.php\/wp-json\/wp\/v2\/comments?post=3789"}],"version-history":[{"count":8,"href":"https:\/\/zha.pt\/index.php\/wp-json\/wp\/v2\/pages\/3789\/revisions"}],"predecessor-version":[{"id":4372,"href":"https:\/\/zha.pt\/index.php\/wp-json\/wp\/v2\/pages\/3789\/revisions\/4372"}],"up":[{"embeddable":true,"href":"https:\/\/zha.pt\/index.php\/wp-json\/wp\/v2\/pages\/3807"}],"wp:attachment":[{"href":"https:\/\/zha.pt\/index.php\/wp-json\/wp\/v2\/media?parent=3789"}],"curies":[{"name":"wp","href":"https:\/\/api.w.org\/{rel}","templated":true}]}}