{"id":3204,"date":"2023-02-13T12:55:36","date_gmt":"2023-02-13T12:55:36","guid":{"rendered":"https:\/\/zha.pt\/?page_id=3204"},"modified":"2024-12-17T16:05:44","modified_gmt":"2024-12-17T16:05:44","slug":"index_01","status":"publish","type":"page","link":"https:\/\/zha.pt\/","title":{"rendered":"Index_01"},"content":{"rendered":"<section class=\"wpb-content-wrapper\"><p>[vc_row full_width=&#8221;stretch_row&#8221;][vc_column width=&#8221;1\/2&#8243;]<div id=\"la_divider69fb27b2cc456\" class=\"js-el la-divider la-unit-responsive\" data-la_component=\"UnitResponsive\"  data-el_target='#la_divider69fb27b2cc456'  data-el_media_sizes='{&quot;padding-top&quot;:&quot;xlg:220px;lg:150px;md:120px;sm:50px;&quot;}' ><\/div>\n<div id=\"la_divider69fb27b2cc4f6\" class=\"js-el la-divider la-unit-responsive\" data-la_component=\"UnitResponsive\"  data-el_target='#la_divider69fb27b2cc4f6'  data-el_media_sizes='{&quot;padding-top&quot;:&quot;xlg:220px;lg:150px;md:120px;sm:50px;&quot;}' ><\/div>\n<div id=\"la_divider69fb27b2cc561\" class=\"js-el la-divider la-unit-responsive\" data-la_component=\"UnitResponsive\"  data-el_target='#la_divider69fb27b2cc561'  data-el_media_sizes='{&quot;padding-top&quot;:&quot;xlg:220px;lg:150px;md:120px;sm:50px;&quot;}' ><\/div>\n<div class='la_parallax_row js-el' data-bg-align='' data-direction='up' data-opacity='100' data-velocity='-0' data-mobile-enabled='' data-bg-height='843' data-bg-width='1920' data-bg-image='\/\/zha.pt\/wp-content\/uploads\/2023\/02\/Zha_banner_v2.jpg' data-bg-repeat='false' data-bg-repeat-type='' data-id='' data-la_component='ParallaxRow' style='display: none'><\/div><div id=\"la_divider69fb27b2cc813\" class=\"js-el la-divider la-unit-responsive\" data-la_component=\"UnitResponsive\"  data-el_target='#la_divider69fb27b2cc813'  data-el_media_sizes='{&quot;padding-top&quot;:&quot;xlg:190px;lg:120px;md:90px;sm:30px;&quot;}' ><\/div>\n[\/vc_column][vc_column width=&#8221;1\/2&#8243;][\/vc_column][\/vc_row][vc_row][vc_column la_animation_name=&#8221;fadeInUp&#8221; la_animation_duration=&#8221;1&#8243; la_animation_delay=&#8221;.2&#8243; la_animation_iteration_count=&#8221;1&#8243;]<div id=\"la_divider69fb27b2cc880\" class=\"js-el la-divider la-unit-responsive\" data-la_component=\"UnitResponsive\"  data-el_target='#la_divider69fb27b2cc880'  data-el_media_sizes='{&quot;padding-top&quot;:&quot;lg:50px;&quot;}' ><\/div>\n<div id=\"la_heading_69fb27b2cc9d6\" class=\"la-headings text-center m6-heading\"><h2 class=\"js-el heading-tag la-unit-responsive\" style=\"\" >ZHA!<\/h2><div class=\"js-el subheading-tag la-unit-responsive\" style=\"\" ><p>\u201c<strong>ZHA!<\/strong>\u201d \u00e9 um projeto art\u00edstico participativo, de base comunit\u00e1ria e de longo prazo, apoiado pelas<strong>\u00a0<a href=\"https:\/\/gulbenkian.pt\/\">funda\u00e7\u00f5es Calouste Gulbenkian<\/a><\/strong>\u00a0e\u00a0<a href=\"https:\/\/fundacaolacaixa.pt\/pt\/home?gclid=CjwKCAiAwc-dBhA7EiwAxPRylF4GYLEBEiKksWeWNARuzUSmOS_WRdQA_11NFUSufZ0AItAw9tRXFBoCY1kQAvD_BwE\"><strong>\u201cla Caixa\u201d<\/strong><\/a>, atrav\u00e9s do programa\u00a0<strong><a href=\"https:\/\/gulbenkian.pt\/partisartforchange\/projetos-apoiados-2-a-edicao\/\">PARTIS &amp; Art for Change<\/a><\/strong>, que tem o\u00a0<strong><a href=\"https:\/\/visoesuteis.pt\/pt\">Vis\u00f5es \u00dateis<\/a>\u00a0como parceiro art\u00edstico e promotor<\/strong>\u00a0e conta com uma importante rede de parceiros sociais, culturais e educativos.<\/p>\n<p>Nasce da vontade de promover as tradi\u00e7\u00f5es vivas das comunidades ciganas, um enorme legado cultural e patrimonial tendencialmente invis\u00edvel fora do (seu) territ\u00f3rio e comunidade. A m\u00fasica, a dan\u00e7a e o canto s\u00e3o formas naturais de celebra\u00e7\u00e3o, express\u00e3o e comunica\u00e7\u00e3o e encontram-se presentes em muitos momentos do dia-a-dia destas comunidades. Com recurso a atividades criativas, formativas e de produ\u00e7\u00e3o art\u00edstica, pretende intervir na exclus\u00e3o social desta minoria \u00e9tnica pela valoriza\u00e7\u00e3o, preserva\u00e7\u00e3o e dissemina\u00e7\u00e3o das suas pr\u00e1ticas culturais. Desenvolve um conjunto de interven\u00e7\u00f5es art\u00edsticas que promovem compet\u00eancias pessoais e sociais para um maior empoderamento e desmistifica\u00e7\u00e3o de cren\u00e7as e preconceitos relacionados com as comunidades ciganas, potenciando a sua integra\u00e7\u00e3o em percursos de vida mais inclusivos e participativos.<\/p>\n<p>Tem como territ\u00f3rio de interven\u00e7\u00e3o Campanh\u00e3 e tem como participantes as comunidades ciganas residentes nos Bairros de Contumil, Ilh\u00e9u, Cerco, Lagarteiro e zonas envolventes. Prev\u00ea um conjunto de oficinas de sensibiliza\u00e7\u00e3o (2022),\u00a0de forma\u00e7\u00e3o, de cria\u00e7\u00e3o, de grava\u00e7\u00e3o (2023) e de comunica\u00e7\u00e3o (2024), para al\u00e9m da dinamiza\u00e7\u00e3o de espa\u00e7os comunit\u00e1rios de cria\u00e7\u00e3o; e tamb\u00e9m objetos e momentos da\u00ed resultantes: um CD, tr\u00eas videoclipes, um espet\u00e1culo, um encontro final, um document\u00e1rio e um ensaio sobre reflex\u00e3o de investiga\u00e7\u00e3o-a\u00e7\u00e3o (2024).<\/p>\n<p>\u201cZHA!\u201d pretende dar continuidade e potenciar as experi\u00eancias e intera\u00e7\u00f5es que o<strong>\u00a0Vis\u00f5es \u00dateis<\/strong>\u00a0e as entidades parceiras que atuam diariamente no territ\u00f3rio t\u00eam vindo a desenvolver ao longo dos anos e que ganharam maior dimens\u00e3o e visibilidade com o espet\u00e1culo \u201c<a href=\"https:\/\/www.culturaemexpansao.pt\/sessao\/brado---encontro-de-vozes-em-cigano-canto\/\"><strong>BRADO\u00a0\u2013 Encontro de Vozes em Cigano Canto<\/strong><\/a>\u201c, programado pelo VU para o polo de Campanh\u00e3 no \u00e2mbito do\u00a0<a href=\"https:\/\/www.culturaemexpansao.pt\/\"><strong>Cultura em Expans\u00e3o<\/strong><\/a>\u00a0(2021).<\/p>\n<p>Nesta l\u00f3gica de continuidade, ampli\u00e1mos\u00a0e consolid\u00e1mos a nossa rede de parceiros e entidades envolvidas, de forma a garantir a sustentabilidade tanto do projeto como das metodologias utilizadas. Fazem parte de \u201cZHA!\u201d organiza\u00e7\u00f5es locais e nacionais de fulcral import\u00e2ncia para a sua execu\u00e7\u00e3o: a <a href=\"https:\/\/fiosedesafios.com\/\"><b>Fios e Desafios<\/b><\/a>;\u00a0\u00a0a\u00a0<a href=\"https:\/\/aima.gov.pt\/pt\"><b>Ag\u00eancia para as Integra\u00e7\u00f5es, Migra\u00e7\u00f5es e Asilo<\/b><\/a>;\u00a0a\u00a0<a href=\"https:\/\/agc.sg.mai.gov.pt\/details?id=653416\"><strong>Uni\u00e3o Romani Portuguesa<\/strong><\/a>; a<b>\u00a0<\/b><a href=\"https:\/\/www.facebook.com\/p\/Associa%C3%A7%C3%A3o-Social-RecreativaCultural-Os-Viquingues-100078482467903\/?locale=pt_BR\"><b>Associa\u00e7\u00e3o \u201cOs Viquingues\u201d<\/b><\/a>; os\u00a0<a href=\"http:\/\/www.aecerco.pt\/\"><strong>Agrupamentos de Escolas do Cerco do Porto<\/strong><\/a>\u00a0e\u00a0<a href=\"http:\/\/www.ae-anobre.pt\/\"><strong>Ant\u00f3nio Nobre<\/strong><\/a>; o\u00a0<a href=\"https:\/\/www.facebook.com\/SinergiasE9G\/?locale=pt_PT\"><b>Sinergi@s-E9G<\/b> <\/a>\/\u00a0<a href=\"https:\/\/www.arrimo.org\/\"><strong>ARRIMO<\/strong><\/a>;\u00a0a\u00a0<a href=\"https:\/\/www.fundacao.salesianos.pt\/\"><strong>Funda\u00e7\u00e3o Salesianos<\/strong><\/a>; a\u00a0<a href=\"https:\/\/www.campanha.net\/\"><strong>Junta de Freguesia de Campanh\u00e3<\/strong><\/a>;\u00a0a\u00a0<a href=\"https:\/\/www.agoraporto.pt\/\"><strong>\u00c1GORA<\/strong><\/a>; o\u00a0<a href=\"https:\/\/fiosedesafios.com\/respostas-sociais-e-projetos\/projetos-ativos\/clds-4g-redes-reativar-e-empoderar-dinamicas-e-espacos-sociais\/\"><strong>REDES CLDS 4G<\/strong><\/a>\u00a0\/\u00a0<a href=\"https:\/\/www.appc.pt\/\"><b>Associa\u00e7\u00e3o do Porto de Paralisia\u00a0Cerebral<\/b><\/a>; a\u00a0<a href=\"https:\/\/ardarecorders.com\/\"><strong>ARDA Recorders<\/strong><\/a>.<\/p>\n<p>O Vis\u00f5es \u00dateis \u00e9 uma estrutura apoiada pelo Minist\u00e9rio da Cultura \/ Dire\u00e7\u00e3o-Geral das Artes.<\/p>\n<\/div><\/div>\n<div id=\"la_divider69fb27b2ccbb9\" class=\"js-el la-divider la-unit-responsive\" data-la_component=\"UnitResponsive\"  data-el_target='#la_divider69fb27b2ccbb9'  data-el_media_sizes='{&quot;padding-top&quot;:&quot;lg:50px;&quot;}' ><\/div>\n[\/vc_column][\/vc_row][vc_row full_width=&#8221;stretch_row_content&#8221; el_class=&#8221;la_row_gap_80&#8243; css=&#8221;.vc_custom_1676484561330{padding-bottom: 20px !important;background-color: #f6f6f6 !important;}&#8221;][vc_column width=&#8221;1\/3&#8243;][\/vc_column][vc_column width=&#8221;1\/3&#8243; la_animation_name=&#8221;fadeInUp&#8221; la_animation_duration=&#8221;1&#8243; la_animation_delay=&#8221;0.2&#8243; la_animation_iteration_count=&#8221;1&#8243; offset=&#8221;vc_col-md-4&#8243;][vc_single_image image=&#8221;4351&#8243; img_size=&#8221;full&#8221; alignment=&#8221;center&#8221;]<div id=\"la_heading_69fb27b2ccc9e\" class=\"la-headings text-center\"><h2 class=\"js-el heading-tag la-unit-responsive\" style=\"\" >doc. ZHA!<\/h2><div class=\"js-el subheading-tag la-unit-responsive\" style=\"\" ><p>20 de dezembro de 2024<br \/>\n15:00 \/ <strong>BATALHA Centro de Cinema<\/strong><\/p>\n<\/div><\/div>\n[vc_btn title=&#8221;SABER MAIS&#8221; style=&#8221;outline-custom&#8221; outline_custom_color=&#8221;#878787&#8243; outline_custom_hover_background=&#8221;#666666&#8243; outline_custom_hover_text=&#8221;#ffffff&#8221; shape=&#8221;round&#8221; align=&#8221;center&#8221; link=&#8221;url:https%3A%2F%2Fzha.pt%2Findex.php%2F2024%2F12%2F17%2Fdoc-zha-evento-final%2F&#8221;][\/vc_column][vc_column width=&#8221;1\/3&#8243; la_animation_name=&#8221;fadeInUp&#8221; la_animation_duration=&#8221;1&#8243; la_animation_delay=&#8221;0.4&#8243; la_animation_iteration_count=&#8221;1&#8243; offset=&#8221;vc_col-md-4&#8243;][\/vc_column][\/vc_row][vc_row][vc_column la_animation_name=&#8221;fadeInUp&#8221; la_animation_duration=&#8221;1&#8243; la_animation_delay=&#8221;0.2&#8243; la_animation_iteration_count=&#8221;1&#8243;]<div id=\"la_divider69fb27b2ccd23\" class=\"js-el la-divider la-unit-responsive\" data-la_component=\"UnitResponsive\"  data-el_target='#la_divider69fb27b2ccd23'  data-el_media_sizes='{&quot;padding-top&quot;:&quot;lg:10px;&quot;}' ><\/div>\n<div id=\"la_heading_69fb27b2cce35\" class=\"la-headings text-center m6-heading\"><h2 class=\"js-el heading-tag la-unit-responsive\" style=\"\" >Not\u00edcias<\/h2><\/div>\n<div id=\"la_divider69fb27b2cce8a\" class=\"js-el la-divider la-unit-responsive\" data-la_component=\"UnitResponsive\"  data-el_target='#la_divider69fb27b2cce8a'  data-el_media_sizes='{&quot;padding-top&quot;:&quot;lg:40px;xs:10px;&quot;}' ><\/div>\n<div id=\"la_showposts_69fb27b2cd00a\" class=\"la-showposts\"><div class=\"la-loop showposts-loop grid-8 showposts-grid grid-items grid-space-default js-el la-slick-slider\" data-la_component=\"AutoCarousel\" data-slider_config=\"{&quot;slidesToShow&quot;:3,&quot;slidesToScroll&quot;:3,&quot;dots&quot;:false,&quot;autoplaySpeed&quot;:5000,&quot;speed&quot;:300,&quot;infinite&quot;:false,&quot;arrows&quot;:false,&quot;swipe&quot;:true,&quot;draggable&quot;:true,&quot;touchMove&quot;:true,&quot;pauseOnHover&quot;:false,&quot;responsive&quot;:[{&quot;breakpoint&quot;:1824,&quot;settings&quot;:{&quot;slidesToShow&quot;:3,&quot;slidesToScroll&quot;:3}},{&quot;breakpoint&quot;:1200,&quot;settings&quot;:{&quot;slidesToShow&quot;:3,&quot;slidesToScroll&quot;:3}},{&quot;breakpoint&quot;:992,&quot;settings&quot;:{&quot;slidesToShow&quot;:2,&quot;slidesToScroll&quot;:2}},{&quot;breakpoint&quot;:768,&quot;settings&quot;:{&quot;slidesToShow&quot;:2,&quot;slidesToScroll&quot;:2}},{&quot;breakpoint&quot;:576,&quot;settings&quot;:{&quot;slidesToShow&quot;:1,&quot;slidesToScroll&quot;:1}}],&quot;pauseOnDotsHover&quot;:true}\"><div class=\"loop__item blog__item grid-item hide-excerpt post-4358 post type-post status-publish format-standard has-post-thumbnail hentry category-zha\">\n    <div class=\"loop__item__inner\">\n        <div class=\"loop__item__inner2\">\n                        <div class=\"loop__item__thumbnail\">\n                <div class=\"loop__item__thumbnail--bkg la-lazyload-image gitem-zone-height-mode-16-9 gitem-hide-img gitem-zone-height-mode-auto gitem-zone-height-mode-auto-16-9\"\n                     data-background-image=\"https:\/\/zha.pt\/wp-content\/uploads\/2025\/01\/ZHA5_Joao-Octavio-Peixoto_TMP-copy.jpg\"\n                     style=\"\"\n                ><img loading=\"lazy\" decoding=\"async\" src=\"https:\/\/zha.pt\/wp-content\/uploads\/2025\/01\/ZHA5_Joao-Octavio-Peixoto_TMP-copy.jpg\" width=\"128\" height=\"85\" alt=\"ZHA! no Isto \u00e9 PARTIS &#038; Art for Change 2025\" class=\"wp-post-image\"\/><a href=\"https:\/\/zha.pt\/index.php\/2025\/01\/29\/zha-no-isto-e-partis-art-for-change-2025\/\" title=\"ZHA! no Isto \u00e9 PARTIS &#038; Art for Change 2025\" class=\"loop__item__thumbnail--linkoverlay\"><span class=\"pf-icon pf-icon-link\"><\/span><span class=\"item--overlay\"><\/span><\/a><\/div><a href=\"https:\/\/zha.pt\/index.php\/2025\/01\/29\/zha-no-isto-e-partis-art-for-change-2025\/\" title=\"ZHA! no Isto \u00e9 PARTIS &#038; Art for Change 2025\" class=\"loop__item__thumbnail--linkoverlay2\"><span class=\"pf-icon pf-icon-link\"><\/span><\/a>                            <\/div>\n                        <div class=\"loop__item__info\">\n                                <div class=\"loop__item__info2\">\n                                                            <div class=\"loop__item__title\">\n                        <h3 class=\"entry-title\"><a href=\"https:\/\/zha.pt\/index.php\/2025\/01\/29\/zha-no-isto-e-partis-art-for-change-2025\/\" title=\"ZHA! no Isto \u00e9 PARTIS &#038; Art for Change 2025\">ZHA! no Isto \u00e9 PARTIS &#038; Art for Change 2025<\/a><\/h3>                    <\/div>\n                                                            <div class=\"loop__item__meta\">\n                        <div class=\"loop__item__meta--item byline\"><span class=\"author vcard\"><a class=\"url fn n\" href=\"https:\/\/zha.pt\/index.php\/author\/admin_vuzha\/\"><i class=\"dl-icon-user1\"><\/i><span class=\"screen-reader-text\">by <\/span>admin<\/a><\/span><\/div><div class=\"loop__item__meta--item posted-on\"><a href=\"https:\/\/zha.pt\/index.php\/2025\/01\/29\/zha-no-isto-e-partis-art-for-change-2025\/\" rel=\"bookmark\"><i class=\"dl-icon-clock\"><\/i><span class=\"screen-reader-text\">Posted on <\/span><time class=\"entry-date published\" datetime=\"2025-01-29T09:24:12+00:00\">Janeiro 29, 2025<\/time><time class=\"updated hidden\" datetime=\"2025-02-18T15:26:54+00:00\">Fevereiro 18, 2025<\/time><\/a><\/div><div class=\"loop__item__meta--item loop__item__termlink blog_item--category-link\"><span class=\"screen-reader-text\">Posted in <\/span><span><a href=\"https:\/\/zha.pt\/index.php\/category\/zha\/\" rel=\"category tag\">Zha<\/a><\/span><\/div>                    <\/div>\n                                                        <\/div>\n            <\/div>\n        <\/div>\n    <\/div>\n<\/div><div class=\"loop__item blog__item grid-item hide-excerpt post-4341 post type-post status-publish format-standard has-post-thumbnail hentry category-zha\">\n    <div class=\"loop__item__inner\">\n        <div class=\"loop__item__inner2\">\n                        <div class=\"loop__item__thumbnail\">\n                <div class=\"loop__item__thumbnail--bkg la-lazyload-image gitem-zone-height-mode-16-9 gitem-hide-img gitem-zone-height-mode-auto gitem-zone-height-mode-auto-16-9\"\n                     data-background-image=\"https:\/\/zha.pt\/wp-content\/uploads\/2024\/12\/imagem_capa_final-1.jpg\"\n                     style=\"\"\n                ><img loading=\"lazy\" decoding=\"async\" src=\"https:\/\/zha.pt\/wp-content\/uploads\/2024\/12\/imagem_capa_final-1.jpg\" width=\"128\" height=\"73\" alt=\"doc.ZHA! Evento Final\" class=\"wp-post-image\"\/><a href=\"https:\/\/zha.pt\/index.php\/2024\/12\/17\/doc-zha-evento-final\/\" title=\"doc.ZHA! Evento Final\" class=\"loop__item__thumbnail--linkoverlay\"><span class=\"pf-icon pf-icon-link\"><\/span><span class=\"item--overlay\"><\/span><\/a><\/div><a href=\"https:\/\/zha.pt\/index.php\/2024\/12\/17\/doc-zha-evento-final\/\" title=\"doc.ZHA! Evento Final\" class=\"loop__item__thumbnail--linkoverlay2\"><span class=\"pf-icon pf-icon-link\"><\/span><\/a>                            <\/div>\n                        <div class=\"loop__item__info\">\n                                <div class=\"loop__item__info2\">\n                                                            <div class=\"loop__item__title\">\n                        <h3 class=\"entry-title\"><a href=\"https:\/\/zha.pt\/index.php\/2024\/12\/17\/doc-zha-evento-final\/\" title=\"doc.ZHA! Evento Final\">doc.ZHA! Evento Final<\/a><\/h3>                    <\/div>\n                                                            <div class=\"loop__item__meta\">\n                        <div class=\"loop__item__meta--item byline\"><span class=\"author vcard\"><a class=\"url fn n\" href=\"https:\/\/zha.pt\/index.php\/author\/admin_vuzha\/\"><i class=\"dl-icon-user1\"><\/i><span class=\"screen-reader-text\">by <\/span>admin<\/a><\/span><\/div><div class=\"loop__item__meta--item posted-on\"><a href=\"https:\/\/zha.pt\/index.php\/2024\/12\/17\/doc-zha-evento-final\/\" rel=\"bookmark\"><i class=\"dl-icon-clock\"><\/i><span class=\"screen-reader-text\">Posted on <\/span><time class=\"entry-date published\" datetime=\"2024-12-17T16:00:18+00:00\">Dezembro 17, 2024<\/time><time class=\"updated hidden\" datetime=\"2024-12-17T16:07:22+00:00\">Dezembro 17, 2024<\/time><\/a><\/div><div class=\"loop__item__meta--item loop__item__termlink blog_item--category-link\"><span class=\"screen-reader-text\">Posted in <\/span><span><a href=\"https:\/\/zha.pt\/index.php\/category\/zha\/\" rel=\"category tag\">Zha<\/a><\/span><\/div>                    <\/div>\n                                                        <\/div>\n            <\/div>\n        <\/div>\n    <\/div>\n<\/div><div class=\"loop__item blog__item grid-item hide-excerpt post-4317 post type-post status-publish format-standard has-post-thumbnail hentry category-zha\">\n    <div class=\"loop__item__inner\">\n        <div class=\"loop__item__inner2\">\n                        <div class=\"loop__item__thumbnail\">\n                <div class=\"loop__item__thumbnail--bkg la-lazyload-image gitem-zone-height-mode-16-9 gitem-hide-img gitem-zone-height-mode-auto gitem-zone-height-mode-auto-16-9\"\n                     data-background-image=\"https:\/\/zha.pt\/wp-content\/uploads\/2024\/07\/capa_festa.jpeg\"\n                     style=\"\"\n                ><img loading=\"lazy\" decoding=\"async\" src=\"https:\/\/zha.pt\/wp-content\/uploads\/2024\/07\/capa_festa.jpeg\" width=\"128\" height=\"73\" alt=\"festa de ver\u00e3o ZHA!\" class=\"wp-post-image\"\/><a href=\"https:\/\/zha.pt\/index.php\/2024\/07\/29\/festa-de-verao-zha\/\" title=\"festa de ver\u00e3o ZHA!\" class=\"loop__item__thumbnail--linkoverlay\"><span class=\"pf-icon pf-icon-link\"><\/span><span class=\"item--overlay\"><\/span><\/a><\/div><a href=\"https:\/\/zha.pt\/index.php\/2024\/07\/29\/festa-de-verao-zha\/\" title=\"festa de ver\u00e3o ZHA!\" class=\"loop__item__thumbnail--linkoverlay2\"><span class=\"pf-icon pf-icon-link\"><\/span><\/a>                            <\/div>\n                        <div class=\"loop__item__info\">\n                                <div class=\"loop__item__info2\">\n                                                            <div class=\"loop__item__title\">\n                        <h3 class=\"entry-title\"><a href=\"https:\/\/zha.pt\/index.php\/2024\/07\/29\/festa-de-verao-zha\/\" title=\"festa de ver\u00e3o ZHA!\">festa de ver\u00e3o ZHA!<\/a><\/h3>                    <\/div>\n                                                            <div class=\"loop__item__meta\">\n                        <div class=\"loop__item__meta--item byline\"><span class=\"author vcard\"><a class=\"url fn n\" href=\"https:\/\/zha.pt\/index.php\/author\/admin_vuzha\/\"><i class=\"dl-icon-user1\"><\/i><span class=\"screen-reader-text\">by <\/span>admin<\/a><\/span><\/div><div class=\"loop__item__meta--item posted-on\"><a href=\"https:\/\/zha.pt\/index.php\/2024\/07\/29\/festa-de-verao-zha\/\" rel=\"bookmark\"><i class=\"dl-icon-clock\"><\/i><span class=\"screen-reader-text\">Posted on <\/span><time class=\"entry-date published\" datetime=\"2024-07-29T09:00:22+00:00\">Julho 29, 2024<\/time><time class=\"updated hidden\" datetime=\"2024-07-29T10:11:36+00:00\">Julho 29, 2024<\/time><\/a><\/div><div class=\"loop__item__meta--item loop__item__termlink blog_item--category-link\"><span class=\"screen-reader-text\">Posted in <\/span><span><a href=\"https:\/\/zha.pt\/index.php\/category\/zha\/\" rel=\"category tag\">Zha<\/a><\/span><\/div>                    <\/div>\n                                                        <\/div>\n            <\/div>\n        <\/div>\n    <\/div>\n<\/div><\/div>\n<!-- .posts-loop --><\/div><div id=\"la_divider69fb27b2cedab\" class=\"js-el la-divider la-unit-responsive\" data-la_component=\"UnitResponsive\"  data-el_target='#la_divider69fb27b2cedab'  data-el_media_sizes='{&quot;padding-top&quot;:&quot;lg:20px;&quot;}' ><\/div>\n[\/vc_column][\/vc_row]<\/p>\n<\/section>","protected":false},"excerpt":{"rendered":"<p>[vc_row full_width=&#8221;stretch_row&#8221;][vc_column width=&#8221;1\/2&#8243;][\/vc_column][vc_column width=&#8221;1\/2&#8243;][\/vc_column][\/vc_row][vc_row][vc_column la_animation_name=&#8221;fadeInUp&#8221; la_animation_duration=&#8221;1&#8243; la_animation_delay=&#8221;.2&#8243; la_animation_iteration_count=&#8221;1&#8243;][\/vc_column][\/vc_row][vc_row full_width=&#8221;stretch_row_content&#8221; el_class=&#8221;la_row_gap_80&#8243; css=&#8221;.vc_custom_1676484561330{padding-bottom: 20px !important;background-color: #f6f6f6 !important;}&#8221;][vc_column width=&#8221;1\/3&#8243;][\/vc_column][vc_column width=&#8221;1\/3&#8243; la_animation_name=&#8221;fadeInUp&#8221; la_animation_duration=&#8221;1&#8243; la_animation_delay=&#8221;0.2&#8243; la_animation_iteration_count=&#8221;1&#8243; offset=&#8221;vc_col-md-4&#8243;][vc_single_image image=&#8221;4351&#8243; img_size=&#8221;full&#8221; alignment=&#8221;center&#8221;][vc_btn&hellip;<\/p>\n","protected":false},"author":1,"featured_media":0,"parent":0,"menu_order":0,"comment_status":"closed","ping_status":"closed","template":"","meta":{"footnotes":""},"class_list":["post-3204","page","type-page","status-publish","hentry"],"_links":{"self":[{"href":"https:\/\/zha.pt\/index.php\/wp-json\/wp\/v2\/pages\/3204","targetHints":{"allow":["GET"]}}],"collection":[{"href":"https:\/\/zha.pt\/index.php\/wp-json\/wp\/v2\/pages"}],"about":[{"href":"https:\/\/zha.pt\/index.php\/wp-json\/wp\/v2\/types\/page"}],"author":[{"embeddable":true,"href":"https:\/\/zha.pt\/index.php\/wp-json\/wp\/v2\/users\/1"}],"replies":[{"embeddable":true,"href":"https:\/\/zha.pt\/index.php\/wp-json\/wp\/v2\/comments?post=3204"}],"version-history":[{"count":15,"href":"https:\/\/zha.pt\/index.php\/wp-json\/wp\/v2\/pages\/3204\/revisions"}],"predecessor-version":[{"id":4352,"href":"https:\/\/zha.pt\/index.php\/wp-json\/wp\/v2\/pages\/3204\/revisions\/4352"}],"wp:attachment":[{"href":"https:\/\/zha.pt\/index.php\/wp-json\/wp\/v2\/media?parent=3204"}],"curies":[{"name":"wp","href":"https:\/\/api.w.org\/{rel}","templated":true}]}}